{"id":947,"date":"2020-11-04T11:58:04","date_gmt":"2020-11-04T14:58:04","guid":{"rendered":"https:\/\/conjecto.com.br\/?page_id=947"},"modified":"2020-11-06T17:54:11","modified_gmt":"2020-11-06T20:54:11","slug":"metodo-de-aplicacao","status":"publish","type":"page","link":"https:\/\/conjecto.com.br\/en\/metodo-de-aplicacao\/","title":{"rendered":"M\u00e9todo e Aplica\u00e7\u00e3o"},"content":{"rendered":"\n<p>Prever ou antecipar os eventos que v\u00e3o acontecer no futuro \u00e9 um exerc\u00edcio permanente de pessoas e organiza\u00e7\u00f5es no sentido de tomar as melhores decis\u00f5es no presente que lhes possa beneficiar em um tempo que ainda est\u00e1 por vir. Em v\u00e1rias \u00e1reas de conhecimento, a ci\u00eancia evoluiu&nbsp;significativamente&nbsp;nas \u00faltimas d\u00e9cadas no sentido de prover instrumentos para a sociedade que possam antecipar, com razo\u00e1vel n\u00edvel de precis\u00e3o, eventos que incluem&nbsp;fen\u00f4menos da natureza&nbsp;da natureza em geral que influenciam&nbsp;decis\u00f5es de milhares de pessoas diariamente.<\/p>\n\n\n\n<p>Os avan\u00e7os em m\u00e9todos para defini\u00e7\u00e3o de modelos estat\u00edsticos e&nbsp;aprendizagem de m\u00e1quina&nbsp;proporcionam novas formas de&nbsp;prever o futuro a partir do conhecimento de fatos passados e de como determinadas&nbsp;vari\u00e1veis influenciaram o resultado de um evento ou de uma a\u00e7\u00e3o espec\u00edfica. A prolifera\u00e7\u00e3o e o acesso r\u00e1pido e f\u00e1cil a dados que caracterizam esses fatos tornaram esses m\u00e9todos ainda mais precisos e sua aplica\u00e7\u00e3o cada vez frequente em diversos aspectos&nbsp;da vida moderna.<\/p>\n\n\n\n<p>A velocidade com que novas solu\u00e7\u00f5es de ci\u00eancia de dados s\u00e3o implementadas e todas as suas implica\u00e7\u00f5es para a sociedade moderna est\u00e3o diretamente relacionadas ao benef\u00edcio que essa tecnologia pode proporcionar para quem se disp\u00f5e a inovar em seus processos de an\u00e1lise de dados. Diversos estudos t\u00eam sido realizados para avaliar o potencial das tecnologias e m\u00e9todos associados ao big data no desempenho corporativo. &nbsp;O&nbsp;McKinsey Global Institute (MGI), por exemplo, afirma em uma de suas conhecidas publica\u00e7\u00f5es sobre o assunto, que o potencial de ganho na \u00e1rea de varejo \u00e9 especialmente significativo, pois estima que a margem operacional de empresas desse setor pode ser incrementada em mais de 60%. <\/p>\n\n\n\n<p>Se as aplica\u00e7\u00f5es anal\u00edticas no mundo corporativo t\u00eam apresentado extraordin\u00e1rios resultados, o setor p\u00fablico em todas as esferas de governo tamb\u00e9m traz enormes oportunidades para melhorar os processos de gest\u00e3o de suas diversas institui\u00e7\u00f5es. Apenas na \u00e1rea de sa\u00fade p\u00fablica dos EUA, o&nbsp;mesmo relat\u00f3rio do MGI&nbsp;estima o potencial ganho para o governo a partir do uso efetivo de solu\u00e7\u00f5es de data analytics em mais de US$ 300 milh\u00f5es anuais. <\/p>\n\n\n\n<p>Iniciativas de empresas e governo como as relatadas acima t\u00eam acontecido de forma cada vez mais frequente em todo o mundo. No Brasil, n\u00e3o ser\u00e1 diferente. A corrida ao ouro (dados) para analisar o passado, prever o futuro, e tomar as melhores decis\u00f5es seja para melhorar o desempenho de processos de neg\u00f3cio ou para aumentar o retorno dos investimentos p\u00fablicos est\u00e1 apenas come\u00e7ando. Os resultados obtidos at\u00e9 agora n\u00e3o deixam d\u00favidas quanto ao valor do big data para a sociedade.<\/p>\n","protected":false},"excerpt":{"rendered":"<p>Prever ou antecipar os eventos que v\u00e3o acontecer no futuro \u00e9 um exerc\u00edcio permanente de pessoas e organiza\u00e7\u00f5es no sentido de tomar as melhores decis\u00f5es no presente que lhes possa beneficiar em um tempo que ainda est\u00e1 por vir. Em v\u00e1rias \u00e1reas de conhecimento, a ci\u00eancia evoluiu&nbsp;significativamente&nbsp;nas \u00faltimas d\u00e9cadas no sentido de prover instrumentos para [&hellip;]<\/p>\n","protected":false},"author":1,"featured_media":0,"parent":0,"menu_order":0,"comment_status":"closed","ping_status":"closed","template":"","meta":{"_acf_changed":false,"footnotes":""},"class_list":["post-947","page","type-page","status-publish","hentry"],"acf":[],"yoast_head":"<!-- This site is optimized with the Yoast SEO plugin v27.3 - https:\/\/yoast.com\/product\/yoast-seo-wordpress\/ -->\n<title>M\u00e9todo e Aplica\u00e7\u00e3o - Conjecto Analytics<\/title>\n<meta name=\"robots\" content=\"index, follow, max-snippet:-1, max-image-preview:large, max-video-preview:-1\" \/>\n<link rel=\"canonical\" href=\"https:\/\/conjecto.com.br\/metodo-de-aplicacao\/\" \/>\n<meta property=\"og:locale\" content=\"en_US\" \/>\n<meta property=\"og:type\" content=\"article\" \/>\n<meta property=\"og:title\" content=\"M\u00e9todo e Aplica\u00e7\u00e3o - Conjecto Analytics\" \/>\n<meta property=\"og:description\" content=\"Prever ou antecipar os eventos que v\u00e3o acontecer no futuro \u00e9 um exerc\u00edcio permanente de pessoas e organiza\u00e7\u00f5es no sentido de tomar as melhores decis\u00f5es no presente que lhes possa beneficiar em um tempo que ainda est\u00e1 por vir. Em v\u00e1rias \u00e1reas de conhecimento, a ci\u00eancia evoluiu&nbsp;significativamente&nbsp;nas \u00faltimas d\u00e9cadas no sentido de prover instrumentos para [&hellip;]\" \/>\n<meta property=\"og:url\" content=\"https:\/\/conjecto.com.br\/metodo-de-aplicacao\/\" \/>\n<meta property=\"og:site_name\" content=\"Conjecto Analytics\" \/>\n<meta property=\"article:modified_time\" content=\"2020-11-06T20:54:11+00:00\" \/>\n<meta name=\"twitter:card\" content=\"summary_large_image\" \/>\n<meta name=\"twitter:label1\" content=\"Est. reading time\" \/>\n\t<meta name=\"twitter:data1\" content=\"2 minutes\" \/>\n<script type=\"application\/ld+json\" class=\"yoast-schema-graph\">{\"@context\":\"https:\\\/\\\/schema.org\",\"@graph\":[{\"@type\":\"WebPage\",\"@id\":\"https:\\\/\\\/conjecto.com.br\\\/metodo-de-aplicacao\\\/\",\"url\":\"https:\\\/\\\/conjecto.com.br\\\/metodo-de-aplicacao\\\/\",\"name\":\"M\u00e9todo e Aplica\u00e7\u00e3o - Conjecto Analytics\",\"isPartOf\":{\"@id\":\"https:\\\/\\\/conjecto.com.br\\\/#website\"},\"datePublished\":\"2020-11-04T14:58:04+00:00\",\"dateModified\":\"2020-11-06T20:54:11+00:00\",\"breadcrumb\":{\"@id\":\"https:\\\/\\\/conjecto.com.br\\\/metodo-de-aplicacao\\\/#breadcrumb\"},\"inLanguage\":\"en-US\",\"potentialAction\":[{\"@type\":\"ReadAction\",\"target\":[\"https:\\\/\\\/conjecto.com.br\\\/metodo-de-aplicacao\\\/\"]}]},{\"@type\":\"BreadcrumbList\",\"@id\":\"https:\\\/\\\/conjecto.com.br\\\/metodo-de-aplicacao\\\/#breadcrumb\",\"itemListElement\":[{\"@type\":\"ListItem\",\"position\":1,\"name\":\"Home\",\"item\":\"https:\\\/\\\/conjecto.com.br\\\/\"},{\"@type\":\"ListItem\",\"position\":2,\"name\":\"M\u00e9todo e Aplica\u00e7\u00e3o\"}]},{\"@type\":\"WebSite\",\"@id\":\"https:\\\/\\\/conjecto.com.br\\\/#website\",\"url\":\"https:\\\/\\\/conjecto.com.br\\\/\",\"name\":\"Conjecto Analytics\",\"description\":\"As melhores solu\u00e7\u00f5es de intelig\u00eancia de neg\u00f3cios para o mercado corporativo\",\"publisher\":{\"@id\":\"https:\\\/\\\/conjecto.com.br\\\/#organization\"},\"potentialAction\":[{\"@type\":\"SearchAction\",\"target\":{\"@type\":\"EntryPoint\",\"urlTemplate\":\"https:\\\/\\\/conjecto.com.br\\\/?s={search_term_string}\"},\"query-input\":{\"@type\":\"PropertyValueSpecification\",\"valueRequired\":true,\"valueName\":\"search_term_string\"}}],\"inLanguage\":\"en-US\"},{\"@type\":\"Organization\",\"@id\":\"https:\\\/\\\/conjecto.com.br\\\/#organization\",\"name\":\"Conjecto Analytics\",\"url\":\"https:\\\/\\\/conjecto.com.br\\\/\",\"logo\":{\"@type\":\"ImageObject\",\"inLanguage\":\"en-US\",\"@id\":\"https:\\\/\\\/conjecto.com.br\\\/#\\\/schema\\\/logo\\\/image\\\/\",\"url\":\"https:\\\/\\\/conjecto.com.br\\\/wp-content\\\/uploads\\\/2020\\\/11\\\/logo.png\",\"contentUrl\":\"https:\\\/\\\/conjecto.com.br\\\/wp-content\\\/uploads\\\/2020\\\/11\\\/logo.png\",\"width\":145,\"height\":42,\"caption\":\"Conjecto Analytics\"},\"image\":{\"@id\":\"https:\\\/\\\/conjecto.com.br\\\/#\\\/schema\\\/logo\\\/image\\\/\"}}]}<\/script>\n<!-- \/ Yoast SEO plugin. -->","yoast_head_json":{"title":"M\u00e9todo e Aplica\u00e7\u00e3o - Conjecto Analytics","robots":{"index":"index","follow":"follow","max-snippet":"max-snippet:-1","max-image-preview":"max-image-preview:large","max-video-preview":"max-video-preview:-1"},"canonical":"https:\/\/conjecto.com.br\/metodo-de-aplicacao\/","og_locale":"en_US","og_type":"article","og_title":"M\u00e9todo e Aplica\u00e7\u00e3o - Conjecto Analytics","og_description":"Prever ou antecipar os eventos que v\u00e3o acontecer no futuro \u00e9 um exerc\u00edcio permanente de pessoas e organiza\u00e7\u00f5es no sentido de tomar as melhores decis\u00f5es no presente que lhes possa beneficiar em um tempo que ainda est\u00e1 por vir. Em v\u00e1rias \u00e1reas de conhecimento, a ci\u00eancia evoluiu&nbsp;significativamente&nbsp;nas \u00faltimas d\u00e9cadas no sentido de prover instrumentos para [&hellip;]","og_url":"https:\/\/conjecto.com.br\/metodo-de-aplicacao\/","og_site_name":"Conjecto Analytics","article_modified_time":"2020-11-06T20:54:11+00:00","twitter_card":"summary_large_image","twitter_misc":{"Est. reading time":"2 minutes"},"schema":{"@context":"https:\/\/schema.org","@graph":[{"@type":"WebPage","@id":"https:\/\/conjecto.com.br\/metodo-de-aplicacao\/","url":"https:\/\/conjecto.com.br\/metodo-de-aplicacao\/","name":"M\u00e9todo e Aplica\u00e7\u00e3o - Conjecto Analytics","isPartOf":{"@id":"https:\/\/conjecto.com.br\/#website"},"datePublished":"2020-11-04T14:58:04+00:00","dateModified":"2020-11-06T20:54:11+00:00","breadcrumb":{"@id":"https:\/\/conjecto.com.br\/metodo-de-aplicacao\/#breadcrumb"},"inLanguage":"en-US","potentialAction":[{"@type":"ReadAction","target":["https:\/\/conjecto.com.br\/metodo-de-aplicacao\/"]}]},{"@type":"BreadcrumbList","@id":"https:\/\/conjecto.com.br\/metodo-de-aplicacao\/#breadcrumb","itemListElement":[{"@type":"ListItem","position":1,"name":"Home","item":"https:\/\/conjecto.com.br\/"},{"@type":"ListItem","position":2,"name":"M\u00e9todo e Aplica\u00e7\u00e3o"}]},{"@type":"WebSite","@id":"https:\/\/conjecto.com.br\/#website","url":"https:\/\/conjecto.com.br\/","name":"Conjecto Analytics","description":"As melhores solu\u00e7\u00f5es de intelig\u00eancia de neg\u00f3cios para o mercado corporativo","publisher":{"@id":"https:\/\/conjecto.com.br\/#organization"},"potentialAction":[{"@type":"SearchAction","target":{"@type":"EntryPoint","urlTemplate":"https:\/\/conjecto.com.br\/?s={search_term_string}"},"query-input":{"@type":"PropertyValueSpecification","valueRequired":true,"valueName":"search_term_string"}}],"inLanguage":"en-US"},{"@type":"Organization","@id":"https:\/\/conjecto.com.br\/#organization","name":"Conjecto Analytics","url":"https:\/\/conjecto.com.br\/","logo":{"@type":"ImageObject","inLanguage":"en-US","@id":"https:\/\/conjecto.com.br\/#\/schema\/logo\/image\/","url":"https:\/\/conjecto.com.br\/wp-content\/uploads\/2020\/11\/logo.png","contentUrl":"https:\/\/conjecto.com.br\/wp-content\/uploads\/2020\/11\/logo.png","width":145,"height":42,"caption":"Conjecto Analytics"},"image":{"@id":"https:\/\/conjecto.com.br\/#\/schema\/logo\/image\/"}}]}},"_links":{"self":[{"href":"https:\/\/conjecto.com.br\/en\/wp-json\/wp\/v2\/pages\/947","targetHints":{"allow":["GET"]}}],"collection":[{"href":"https:\/\/conjecto.com.br\/en\/wp-json\/wp\/v2\/pages"}],"about":[{"href":"https:\/\/conjecto.com.br\/en\/wp-json\/wp\/v2\/types\/page"}],"author":[{"embeddable":true,"href":"https:\/\/conjecto.com.br\/en\/wp-json\/wp\/v2\/users\/1"}],"replies":[{"embeddable":true,"href":"https:\/\/conjecto.com.br\/en\/wp-json\/wp\/v2\/comments?post=947"}],"version-history":[{"count":2,"href":"https:\/\/conjecto.com.br\/en\/wp-json\/wp\/v2\/pages\/947\/revisions"}],"predecessor-version":[{"id":1169,"href":"https:\/\/conjecto.com.br\/en\/wp-json\/wp\/v2\/pages\/947\/revisions\/1169"}],"wp:attachment":[{"href":"https:\/\/conjecto.com.br\/en\/wp-json\/wp\/v2\/media?parent=947"}],"curies":[{"name":"wp","href":"https:\/\/api.w.org\/{rel}","templated":true}]}}