{"id":944,"date":"2020-11-04T11:54:37","date_gmt":"2020-11-04T14:54:37","guid":{"rendered":"https:\/\/conjecto.com.br\/?page_id=944"},"modified":"2020-11-06T16:59:22","modified_gmt":"2020-11-06T19:59:22","slug":"funcionalidades","status":"publish","type":"page","link":"https:\/\/conjecto.com.br\/en\/funcionalidades\/","title":{"rendered":"Funcionalidades"},"content":{"rendered":"\n<p>As solu\u00e7\u00f5es de an\u00e1lise de dados implementadas e licenciadas pela Conjecto representam o estado-da-arte em plataformas de intelig\u00eancia de neg\u00f3cio e ci\u00eancia de dados. O uso eficaz e abrangente dessas solu\u00e7\u00f5es trazem uma nova perspectiva para processos e requerimentos importantes necess\u00e1rios para preparar e visualizar dados, al\u00e9m de realizar infer\u00eancias que possibilitem meios assertivos e eficazes a tomada de decis\u00e3o estrat\u00e9gica pelos gestores da empresa em todas as \u00e1reas da organiza\u00e7\u00e3o.<\/p>\n\n\n\n<p>Nesse sentido, o portf\u00f3lio de produtos e servi\u00e7os da Conjecto permite aos analistas de neg\u00f3cios realizar de forma aut\u00f4noma e e eficiente as fun\u00e7\u00f5es de prepara\u00e7\u00e3o e visualiza\u00e7\u00e3o de dados. Os modelos de an\u00e1lise s\u00e3o formados a partir de dimens\u00f5es (componentes dos processos de neg\u00f3cio relevantes para a tomada de decis\u00e3o) e vari\u00e1veis de an\u00e1lise (as refer\u00eancias de valor para as dimens\u00f5es). Esse portf\u00f3lio permite tamb\u00e9m realizar an\u00e1lises espaciais e utilizar fun\u00e7\u00f5es estat\u00edsticas sofisticadas em modelos de an\u00e1lise preditiva, assumindo que todos esses dados estejam dispon\u00edveis ou podem ser derivados a partir de suas fontes de dados. Por meio das solu\u00e7\u00f5es implementadas pela Conjecto, a informa\u00e7\u00e3o pode ser analisada e visualizada com alto n\u00edvel de desempenho e tamb\u00e9m pode ser integrada com pacotes espec\u00edficos para an\u00e1lise visual de dados.<\/p>\n\n\n\n<p>De forma geral, as ricas funcionalidades da plataforma de produtos e servi\u00e7os da Conjecto permitem aos seus clientes a realiza\u00e7\u00e3o de a\u00e7\u00f5es essenciais ao processo de an\u00e1lise de dados, quais sejam: (1) combinar e melhorar a qualidade de dados provenientes de fontes diversas via mecanismos sofisticados de prepara\u00e7\u00e3o de dados, (2) analisar qualquer aspecto dos dados dispon\u00edveis por meio de modelos avan\u00e7ados de an\u00e1lise explorat\u00f3ria, preditiva, e prescritiva, e (3) compartilhar aplica\u00e7\u00f5es anal\u00edticas com usu\u00e1rios finais e tomadores de decis\u00e3o.<\/p>\n","protected":false},"excerpt":{"rendered":"<p>As solu\u00e7\u00f5es de an\u00e1lise de dados implementadas e licenciadas pela Conjecto representam o estado-da-arte em plataformas de intelig\u00eancia de neg\u00f3cio e ci\u00eancia de dados. O uso eficaz e abrangente dessas solu\u00e7\u00f5es trazem uma nova perspectiva para processos e requerimentos importantes necess\u00e1rios para preparar e visualizar dados, al\u00e9m de realizar infer\u00eancias que possibilitem meios assertivos e [&hellip;]<\/p>\n","protected":false},"author":1,"featured_media":0,"parent":0,"menu_order":0,"comment_status":"closed","ping_status":"closed","template":"","meta":{"_acf_changed":false,"footnotes":""},"class_list":["post-944","page","type-page","status-publish","hentry"],"acf":[],"yoast_head":"<!-- This site is optimized with the Yoast SEO plugin v27.3 - https:\/\/yoast.com\/product\/yoast-seo-wordpress\/ -->\n<title>Funcionalidades - Conjecto Analytics<\/title>\n<meta name=\"robots\" content=\"index, follow, max-snippet:-1, max-image-preview:large, max-video-preview:-1\" \/>\n<link rel=\"canonical\" href=\"https:\/\/conjecto.com.br\/en\/funcionalidades\/\" \/>\n<meta property=\"og:locale\" content=\"en_US\" \/>\n<meta property=\"og:type\" content=\"article\" \/>\n<meta property=\"og:title\" content=\"Funcionalidades - Conjecto Analytics\" \/>\n<meta property=\"og:description\" content=\"As solu\u00e7\u00f5es de an\u00e1lise de dados implementadas e licenciadas pela Conjecto representam o estado-da-arte em plataformas de intelig\u00eancia de neg\u00f3cio e ci\u00eancia de dados. O uso eficaz e abrangente dessas solu\u00e7\u00f5es trazem uma nova perspectiva para processos e requerimentos importantes necess\u00e1rios para preparar e visualizar dados, al\u00e9m de realizar infer\u00eancias que possibilitem meios assertivos e [&hellip;]\" \/>\n<meta property=\"og:url\" content=\"https:\/\/conjecto.com.br\/en\/funcionalidades\/\" \/>\n<meta property=\"og:site_name\" content=\"Conjecto Analytics\" \/>\n<meta property=\"article:modified_time\" content=\"2020-11-06T19:59:22+00:00\" \/>\n<meta name=\"twitter:card\" content=\"summary_large_image\" \/>\n<meta name=\"twitter:label1\" content=\"Est. reading time\" \/>\n\t<meta name=\"twitter:data1\" content=\"2 minutes\" \/>\n<script type=\"application\/ld+json\" class=\"yoast-schema-graph\">{\"@context\":\"https:\\\/\\\/schema.org\",\"@graph\":[{\"@type\":\"WebPage\",\"@id\":\"https:\\\/\\\/conjecto.com.br\\\/en\\\/funcionalidades\\\/\",\"url\":\"https:\\\/\\\/conjecto.com.br\\\/en\\\/funcionalidades\\\/\",\"name\":\"Funcionalidades - Conjecto Analytics\",\"isPartOf\":{\"@id\":\"https:\\\/\\\/conjecto.com.br\\\/#website\"},\"datePublished\":\"2020-11-04T14:54:37+00:00\",\"dateModified\":\"2020-11-06T19:59:22+00:00\",\"breadcrumb\":{\"@id\":\"https:\\\/\\\/conjecto.com.br\\\/en\\\/funcionalidades\\\/#breadcrumb\"},\"inLanguage\":\"en-US\",\"potentialAction\":[{\"@type\":\"ReadAction\",\"target\":[\"https:\\\/\\\/conjecto.com.br\\\/en\\\/funcionalidades\\\/\"]}]},{\"@type\":\"BreadcrumbList\",\"@id\":\"https:\\\/\\\/conjecto.com.br\\\/en\\\/funcionalidades\\\/#breadcrumb\",\"itemListElement\":[{\"@type\":\"ListItem\",\"position\":1,\"name\":\"Home\",\"item\":\"https:\\\/\\\/conjecto.com.br\\\/\"},{\"@type\":\"ListItem\",\"position\":2,\"name\":\"Funcionalidades\"}]},{\"@type\":\"WebSite\",\"@id\":\"https:\\\/\\\/conjecto.com.br\\\/#website\",\"url\":\"https:\\\/\\\/conjecto.com.br\\\/\",\"name\":\"Conjecto Analytics\",\"description\":\"As melhores solu\u00e7\u00f5es de intelig\u00eancia de neg\u00f3cios para o mercado corporativo\",\"publisher\":{\"@id\":\"https:\\\/\\\/conjecto.com.br\\\/#organization\"},\"potentialAction\":[{\"@type\":\"SearchAction\",\"target\":{\"@type\":\"EntryPoint\",\"urlTemplate\":\"https:\\\/\\\/conjecto.com.br\\\/?s={search_term_string}\"},\"query-input\":{\"@type\":\"PropertyValueSpecification\",\"valueRequired\":true,\"valueName\":\"search_term_string\"}}],\"inLanguage\":\"en-US\"},{\"@type\":\"Organization\",\"@id\":\"https:\\\/\\\/conjecto.com.br\\\/#organization\",\"name\":\"Conjecto Analytics\",\"url\":\"https:\\\/\\\/conjecto.com.br\\\/\",\"logo\":{\"@type\":\"ImageObject\",\"inLanguage\":\"en-US\",\"@id\":\"https:\\\/\\\/conjecto.com.br\\\/#\\\/schema\\\/logo\\\/image\\\/\",\"url\":\"https:\\\/\\\/conjecto.com.br\\\/wp-content\\\/uploads\\\/2020\\\/11\\\/logo.png\",\"contentUrl\":\"https:\\\/\\\/conjecto.com.br\\\/wp-content\\\/uploads\\\/2020\\\/11\\\/logo.png\",\"width\":145,\"height\":42,\"caption\":\"Conjecto Analytics\"},\"image\":{\"@id\":\"https:\\\/\\\/conjecto.com.br\\\/#\\\/schema\\\/logo\\\/image\\\/\"}}]}<\/script>\n<!-- \/ Yoast SEO plugin. -->","yoast_head_json":{"title":"Funcionalidades - Conjecto Analytics","robots":{"index":"index","follow":"follow","max-snippet":"max-snippet:-1","max-image-preview":"max-image-preview:large","max-video-preview":"max-video-preview:-1"},"canonical":"https:\/\/conjecto.com.br\/en\/funcionalidades\/","og_locale":"en_US","og_type":"article","og_title":"Funcionalidades - Conjecto Analytics","og_description":"As solu\u00e7\u00f5es de an\u00e1lise de dados implementadas e licenciadas pela Conjecto representam o estado-da-arte em plataformas de intelig\u00eancia de neg\u00f3cio e ci\u00eancia de dados. O uso eficaz e abrangente dessas solu\u00e7\u00f5es trazem uma nova perspectiva para processos e requerimentos importantes necess\u00e1rios para preparar e visualizar dados, al\u00e9m de realizar infer\u00eancias que possibilitem meios assertivos e [&hellip;]","og_url":"https:\/\/conjecto.com.br\/en\/funcionalidades\/","og_site_name":"Conjecto Analytics","article_modified_time":"2020-11-06T19:59:22+00:00","twitter_card":"summary_large_image","twitter_misc":{"Est. reading time":"2 minutes"},"schema":{"@context":"https:\/\/schema.org","@graph":[{"@type":"WebPage","@id":"https:\/\/conjecto.com.br\/en\/funcionalidades\/","url":"https:\/\/conjecto.com.br\/en\/funcionalidades\/","name":"Funcionalidades - Conjecto Analytics","isPartOf":{"@id":"https:\/\/conjecto.com.br\/#website"},"datePublished":"2020-11-04T14:54:37+00:00","dateModified":"2020-11-06T19:59:22+00:00","breadcrumb":{"@id":"https:\/\/conjecto.com.br\/en\/funcionalidades\/#breadcrumb"},"inLanguage":"en-US","potentialAction":[{"@type":"ReadAction","target":["https:\/\/conjecto.com.br\/en\/funcionalidades\/"]}]},{"@type":"BreadcrumbList","@id":"https:\/\/conjecto.com.br\/en\/funcionalidades\/#breadcrumb","itemListElement":[{"@type":"ListItem","position":1,"name":"Home","item":"https:\/\/conjecto.com.br\/"},{"@type":"ListItem","position":2,"name":"Funcionalidades"}]},{"@type":"WebSite","@id":"https:\/\/conjecto.com.br\/#website","url":"https:\/\/conjecto.com.br\/","name":"Conjecto Analytics","description":"As melhores solu\u00e7\u00f5es de intelig\u00eancia de neg\u00f3cios para o mercado corporativo","publisher":{"@id":"https:\/\/conjecto.com.br\/#organization"},"potentialAction":[{"@type":"SearchAction","target":{"@type":"EntryPoint","urlTemplate":"https:\/\/conjecto.com.br\/?s={search_term_string}"},"query-input":{"@type":"PropertyValueSpecification","valueRequired":true,"valueName":"search_term_string"}}],"inLanguage":"en-US"},{"@type":"Organization","@id":"https:\/\/conjecto.com.br\/#organization","name":"Conjecto Analytics","url":"https:\/\/conjecto.com.br\/","logo":{"@type":"ImageObject","inLanguage":"en-US","@id":"https:\/\/conjecto.com.br\/#\/schema\/logo\/image\/","url":"https:\/\/conjecto.com.br\/wp-content\/uploads\/2020\/11\/logo.png","contentUrl":"https:\/\/conjecto.com.br\/wp-content\/uploads\/2020\/11\/logo.png","width":145,"height":42,"caption":"Conjecto Analytics"},"image":{"@id":"https:\/\/conjecto.com.br\/#\/schema\/logo\/image\/"}}]}},"_links":{"self":[{"href":"https:\/\/conjecto.com.br\/en\/wp-json\/wp\/v2\/pages\/944","targetHints":{"allow":["GET"]}}],"collection":[{"href":"https:\/\/conjecto.com.br\/en\/wp-json\/wp\/v2\/pages"}],"about":[{"href":"https:\/\/conjecto.com.br\/en\/wp-json\/wp\/v2\/types\/page"}],"author":[{"embeddable":true,"href":"https:\/\/conjecto.com.br\/en\/wp-json\/wp\/v2\/users\/1"}],"replies":[{"embeddable":true,"href":"https:\/\/conjecto.com.br\/en\/wp-json\/wp\/v2\/comments?post=944"}],"version-history":[{"count":1,"href":"https:\/\/conjecto.com.br\/en\/wp-json\/wp\/v2\/pages\/944\/revisions"}],"predecessor-version":[{"id":945,"href":"https:\/\/conjecto.com.br\/en\/wp-json\/wp\/v2\/pages\/944\/revisions\/945"}],"wp:attachment":[{"href":"https:\/\/conjecto.com.br\/en\/wp-json\/wp\/v2\/media?parent=944"}],"curies":[{"name":"wp","href":"https:\/\/api.w.org\/{rel}","templated":true}]}}