{"id":866,"date":"2020-10-23T08:47:14","date_gmt":"2020-10-23T11:47:14","guid":{"rendered":"https:\/\/conjecto.com.br\/?page_id=866"},"modified":"2021-04-07T10:17:43","modified_gmt":"2021-04-07T13:17:43","slug":"palestras","status":"publish","type":"page","link":"https:\/\/conjecto.com.br\/en\/palestras\/","title":{"rendered":"Speeches"},"content":{"rendered":"<p>Conjecto, through its executive director and data scientist, Renilton Soares de Oliveira, has given lectures at national and international events such as InfoBrasil and Feira do Conhecimento, which are open events with a broader audience and content. Likewise, lectures have also been held for more specific entities and audiences such as the Brazilian Association of Research Companies (ABEP), the Brazilian Institute of Finance Executives (IBEF-CE), Oracle OpenWorld, SAP Forum, Chamber of Store Directors (CDL Fortaleza), Federal University of Cear\u00e1 (UFC), Est\u00e1cio de S\u00e1 University Center, Regional Accounting Council (CRC-CE), among others.<\/p>\r\n<p>\r\n\r\n<\/p>\r\n<p><strong>Speaker Profile:<\/strong> <a href=\"https:\/\/www.linkedin.com\/in\/renilton\/\">Renilton Soares de Oliveira<\/a>. Master in Computer Science from the University of Florida (USA). MBA from COPPEAD (UFRJ). Bachelor of Computer Science (UFC). For over 25 years of professional experience, he has worked as a consultant and manager in several companies where he worked in Brazil and abroad. He is currently executive director of Conjecto, a company specialized in business intelligence and corporate management solutions. Conjecto&#8217;s innovative work in clients such as IBOPE, Falconi, Grupo Fleury, Souza Cruz, TIM, KPMG, CRC among others, is internationally recognized. He has certifications and works carried out on the main analytical platforms in the market (Microsoft Cortana Intelligence, Trifacta, SAP Business Intelligence, IBM Watson Analytics). Speaker at local and national events promoted by entities such as IBEF, CDL, CRC, ABEP, and InfoBrasil.<\/p>\r\n\r\n<p>&nbsp;<\/p>\r\n\n<div class=\"wpcf7 no-js\" id=\"wpcf7-f161-o2\" lang=\"pt-BR\" dir=\"ltr\" data-wpcf7-id=\"161\">\n<div class=\"screen-reader-response\"><p role=\"status\" aria-live=\"polite\" aria-atomic=\"true\"><\/p> <ul><\/ul><\/div>\n<form action=\"\/en\/wp-json\/wp\/v2\/pages\/866#wpcf7-f161-o2\" method=\"post\" class=\"wpcf7-form init\" aria-label=\"Formul\u00e1rios de contato\" novalidate=\"novalidate\" data-status=\"init\">\n<fieldset class=\"hidden-fields-container\"><input type=\"hidden\" name=\"_wpcf7\" value=\"161\" \/><input type=\"hidden\" name=\"_wpcf7_version\" value=\"6.1.5\" \/><input type=\"hidden\" name=\"_wpcf7_locale\" value=\"pt_BR\" \/><input type=\"hidden\" name=\"_wpcf7_unit_tag\" value=\"wpcf7-f161-o2\" \/><input type=\"hidden\" name=\"_wpcf7_container_post\" value=\"0\" \/><input type=\"hidden\" name=\"_wpcf7_posted_data_hash\" value=\"\" \/><input type=\"hidden\" name=\"_wpcf7_recaptcha_response\" value=\"\" \/>\n<\/fieldset>\n<div class=\"row\">\n\t<div class=\"col-12 col-lg-6\">\n\t\t<div class=\"form-group\">\n\t\t\t<p><label>Nome<\/label><span class=\"wpcf7-form-control-wrap\" data-name=\"nome\"><input size=\"40\" maxlength=\"400\" class=\"wpcf7-form-control wpcf7-text wpcf7-validates-as-required form-control\" aria-required=\"true\" aria-invalid=\"false\" placeholder=\"Digite seu nome\" value=\"\" type=\"text\" name=\"nome\" \/><\/span>\n\t\t\t<\/p>\n\t\t<\/div>\n\t\t<div class=\"form-group\">\n\t\t\t<p><label>Telefone<\/label><span class=\"wpcf7-form-control-wrap\" data-name=\"telefone\"><input size=\"40\" maxlength=\"400\" class=\"wpcf7-form-control wpcf7-text wpcf7-validates-as-required form-control\" aria-required=\"true\" aria-invalid=\"false\" placeholder=\"Digite seu telefone\" value=\"\" type=\"text\" name=\"telefone\" \/><\/span>\n\t\t\t<\/p>\n\t\t<\/div>\n\t<\/div>\n\t<div class=\"col-12 col-lg-6\">\n\t\t<div class=\"form-group\">\n\t\t\t<p><label>E-mail<\/label><span class=\"wpcf7-form-control-wrap\" data-name=\"email\"><input size=\"40\" maxlength=\"400\" class=\"wpcf7-form-control wpcf7-email wpcf7-validates-as-required wpcf7-text wpcf7-validates-as-email form-control\" aria-required=\"true\" aria-invalid=\"false\" placeholder=\"Digite seu e-mail\" value=\"\" type=\"email\" name=\"email\" \/><\/span>\n\t\t\t<\/p>\n\t\t<\/div>\n\t\t<div class=\"form-group\">\n\t\t\t<p><label>Assunto<\/label><span class=\"wpcf7-form-control-wrap\" data-name=\"assunto\"><select class=\"wpcf7-form-control wpcf7-select wpcf7-validates-as-required form-control\" aria-required=\"true\" aria-invalid=\"false\" name=\"assunto\"><option value=\"\">&#8212;Escolha uma op\u00e7\u00e3o&#8212;<\/option><option value=\"Solicitar Proposta\">Solicitar Proposta<\/option><\/select><\/span>\n\t\t\t<\/p>\n\t\t<\/div>\n\t<\/div>\n\t<div class=\"col-12\">\n\t\t<div class=\"form-group\">\n\t\t\t<p><label>Mensagem<\/label><span class=\"wpcf7-form-control-wrap\" data-name=\"mensagem\"><textarea cols=\"40\" rows=\"10\" maxlength=\"2000\" class=\"wpcf7-form-control wpcf7-textarea form-control\" aria-invalid=\"false\" placeholder=\"Digite sua mensagem aqui.\" name=\"mensagem\"><\/textarea><\/span>\n\t\t\t<\/p>\n\t\t<\/div>\n\t<\/div>\n\t<div class=\"col-12\">\n\t\t<p><input class=\"wpcf7-form-control wpcf7-submit has-spinner bt__padrao\" type=\"submit\" value=\"Enviar Mensagem\" \/>\n\t\t<\/p>\n\t<\/div>\n<\/div><div class=\"wpcf7-response-output\" aria-hidden=\"true\"><\/div>\n<\/form>\n<\/div>","protected":false},"excerpt":{"rendered":"<p>Conjecto, through its executive director and data scientist, Renilton Soares de Oliveira, has given lectures at national and international events such as InfoBrasil and Feira do Conhecimento, which are open events with a broader audience and content. Likewise, lectures have also been held for more specific entities and audiences such as the Brazilian Association of [&hellip;]<\/p>\n","protected":false},"author":1,"featured_media":0,"parent":0,"menu_order":0,"comment_status":"closed","ping_status":"closed","template":"","meta":{"_acf_changed":false,"footnotes":""},"class_list":["post-866","page","type-page","status-publish","hentry"],"acf":[],"yoast_head":"<!-- This site is optimized with the Yoast SEO plugin v27.4 - https:\/\/yoast.com\/product\/yoast-seo-wordpress\/ -->\n<title>Speeches - Conjecto Analytics<\/title>\n<meta name=\"robots\" content=\"index, follow, max-snippet:-1, max-image-preview:large, max-video-preview:-1\" \/>\n<link rel=\"canonical\" href=\"https:\/\/conjecto.com.br\/palestras\/\" \/>\n<meta property=\"og:locale\" content=\"en_US\" \/>\n<meta property=\"og:type\" content=\"article\" \/>\n<meta property=\"og:title\" content=\"Speeches - Conjecto Analytics\" \/>\n<meta property=\"og:description\" content=\"Conjecto, through its executive director and data scientist, Renilton Soares de Oliveira, has given lectures at national and international events such as InfoBrasil and Feira do Conhecimento, which are open events with a broader audience and content. Likewise, lectures have also been held for more specific entities and audiences such as the Brazilian Association of [&hellip;]\" \/>\n<meta property=\"og:url\" content=\"https:\/\/conjecto.com.br\/palestras\/\" \/>\n<meta property=\"og:site_name\" content=\"Conjecto Analytics\" \/>\n<meta property=\"article:modified_time\" content=\"2021-04-07T13:17:43+00:00\" \/>\n<meta name=\"twitter:card\" content=\"summary_large_image\" \/>\n<meta name=\"twitter:label1\" content=\"Est. reading time\" \/>\n\t<meta name=\"twitter:data1\" content=\"2 minutes\" \/>\n<script type=\"application\/ld+json\" class=\"yoast-schema-graph\">{\"@context\":\"https:\\\/\\\/schema.org\",\"@graph\":[{\"@type\":\"WebPage\",\"@id\":\"https:\\\/\\\/conjecto.com.br\\\/palestras\\\/\",\"url\":\"https:\\\/\\\/conjecto.com.br\\\/palestras\\\/\",\"name\":\"Speeches - Conjecto Analytics\",\"isPartOf\":{\"@id\":\"https:\\\/\\\/conjecto.com.br\\\/#website\"},\"datePublished\":\"2020-10-23T11:47:14+00:00\",\"dateModified\":\"2021-04-07T13:17:43+00:00\",\"breadcrumb\":{\"@id\":\"https:\\\/\\\/conjecto.com.br\\\/palestras\\\/#breadcrumb\"},\"inLanguage\":\"en-US\",\"potentialAction\":[{\"@type\":\"ReadAction\",\"target\":[\"https:\\\/\\\/conjecto.com.br\\\/palestras\\\/\"]}]},{\"@type\":\"BreadcrumbList\",\"@id\":\"https:\\\/\\\/conjecto.com.br\\\/palestras\\\/#breadcrumb\",\"itemListElement\":[{\"@type\":\"ListItem\",\"position\":1,\"name\":\"Home\",\"item\":\"https:\\\/\\\/conjecto.com.br\\\/\"},{\"@type\":\"ListItem\",\"position\":2,\"name\":\"Palestras\"}]},{\"@type\":\"WebSite\",\"@id\":\"https:\\\/\\\/conjecto.com.br\\\/#website\",\"url\":\"https:\\\/\\\/conjecto.com.br\\\/\",\"name\":\"Conjecto Analytics\",\"description\":\"As melhores solu\u00e7\u00f5es de intelig\u00eancia de neg\u00f3cios para o mercado corporativo\",\"publisher\":{\"@id\":\"https:\\\/\\\/conjecto.com.br\\\/#organization\"},\"potentialAction\":[{\"@type\":\"SearchAction\",\"target\":{\"@type\":\"EntryPoint\",\"urlTemplate\":\"https:\\\/\\\/conjecto.com.br\\\/?s={search_term_string}\"},\"query-input\":{\"@type\":\"PropertyValueSpecification\",\"valueRequired\":true,\"valueName\":\"search_term_string\"}}],\"inLanguage\":\"en-US\"},{\"@type\":\"Organization\",\"@id\":\"https:\\\/\\\/conjecto.com.br\\\/#organization\",\"name\":\"Conjecto Analytics\",\"url\":\"https:\\\/\\\/conjecto.com.br\\\/\",\"logo\":{\"@type\":\"ImageObject\",\"inLanguage\":\"en-US\",\"@id\":\"https:\\\/\\\/conjecto.com.br\\\/#\\\/schema\\\/logo\\\/image\\\/\",\"url\":\"https:\\\/\\\/conjecto.com.br\\\/wp-content\\\/uploads\\\/2020\\\/11\\\/logo.png\",\"contentUrl\":\"https:\\\/\\\/conjecto.com.br\\\/wp-content\\\/uploads\\\/2020\\\/11\\\/logo.png\",\"width\":145,\"height\":42,\"caption\":\"Conjecto Analytics\"},\"image\":{\"@id\":\"https:\\\/\\\/conjecto.com.br\\\/#\\\/schema\\\/logo\\\/image\\\/\"}}]}<\/script>\n<!-- \/ Yoast SEO plugin. -->","yoast_head_json":{"title":"Speeches - Conjecto Analytics","robots":{"index":"index","follow":"follow","max-snippet":"max-snippet:-1","max-image-preview":"max-image-preview:large","max-video-preview":"max-video-preview:-1"},"canonical":"https:\/\/conjecto.com.br\/palestras\/","og_locale":"en_US","og_type":"article","og_title":"Speeches - Conjecto Analytics","og_description":"Conjecto, through its executive director and data scientist, Renilton Soares de Oliveira, has given lectures at national and international events such as InfoBrasil and Feira do Conhecimento, which are open events with a broader audience and content. Likewise, lectures have also been held for more specific entities and audiences such as the Brazilian Association of [&hellip;]","og_url":"https:\/\/conjecto.com.br\/palestras\/","og_site_name":"Conjecto Analytics","article_modified_time":"2021-04-07T13:17:43+00:00","twitter_card":"summary_large_image","twitter_misc":{"Est. reading time":"2 minutes"},"schema":{"@context":"https:\/\/schema.org","@graph":[{"@type":"WebPage","@id":"https:\/\/conjecto.com.br\/palestras\/","url":"https:\/\/conjecto.com.br\/palestras\/","name":"Speeches - Conjecto Analytics","isPartOf":{"@id":"https:\/\/conjecto.com.br\/#website"},"datePublished":"2020-10-23T11:47:14+00:00","dateModified":"2021-04-07T13:17:43+00:00","breadcrumb":{"@id":"https:\/\/conjecto.com.br\/palestras\/#breadcrumb"},"inLanguage":"en-US","potentialAction":[{"@type":"ReadAction","target":["https:\/\/conjecto.com.br\/palestras\/"]}]},{"@type":"BreadcrumbList","@id":"https:\/\/conjecto.com.br\/palestras\/#breadcrumb","itemListElement":[{"@type":"ListItem","position":1,"name":"Home","item":"https:\/\/conjecto.com.br\/"},{"@type":"ListItem","position":2,"name":"Palestras"}]},{"@type":"WebSite","@id":"https:\/\/conjecto.com.br\/#website","url":"https:\/\/conjecto.com.br\/","name":"Conjecto Analytics","description":"As melhores solu\u00e7\u00f5es de intelig\u00eancia de neg\u00f3cios para o mercado corporativo","publisher":{"@id":"https:\/\/conjecto.com.br\/#organization"},"potentialAction":[{"@type":"SearchAction","target":{"@type":"EntryPoint","urlTemplate":"https:\/\/conjecto.com.br\/?s={search_term_string}"},"query-input":{"@type":"PropertyValueSpecification","valueRequired":true,"valueName":"search_term_string"}}],"inLanguage":"en-US"},{"@type":"Organization","@id":"https:\/\/conjecto.com.br\/#organization","name":"Conjecto Analytics","url":"https:\/\/conjecto.com.br\/","logo":{"@type":"ImageObject","inLanguage":"en-US","@id":"https:\/\/conjecto.com.br\/#\/schema\/logo\/image\/","url":"https:\/\/conjecto.com.br\/wp-content\/uploads\/2020\/11\/logo.png","contentUrl":"https:\/\/conjecto.com.br\/wp-content\/uploads\/2020\/11\/logo.png","width":145,"height":42,"caption":"Conjecto Analytics"},"image":{"@id":"https:\/\/conjecto.com.br\/#\/schema\/logo\/image\/"}}]}},"_links":{"self":[{"href":"https:\/\/conjecto.com.br\/en\/wp-json\/wp\/v2\/pages\/866","targetHints":{"allow":["GET"]}}],"collection":[{"href":"https:\/\/conjecto.com.br\/en\/wp-json\/wp\/v2\/pages"}],"about":[{"href":"https:\/\/conjecto.com.br\/en\/wp-json\/wp\/v2\/types\/page"}],"author":[{"embeddable":true,"href":"https:\/\/conjecto.com.br\/en\/wp-json\/wp\/v2\/users\/1"}],"replies":[{"embeddable":true,"href":"https:\/\/conjecto.com.br\/en\/wp-json\/wp\/v2\/comments?post=866"}],"version-history":[{"count":9,"href":"https:\/\/conjecto.com.br\/en\/wp-json\/wp\/v2\/pages\/866\/revisions"}],"predecessor-version":[{"id":1378,"href":"https:\/\/conjecto.com.br\/en\/wp-json\/wp\/v2\/pages\/866\/revisions\/1378"}],"wp:attachment":[{"href":"https:\/\/conjecto.com.br\/en\/wp-json\/wp\/v2\/media?parent=866"}],"curies":[{"name":"wp","href":"https:\/\/api.w.org\/{rel}","templated":true}]}}