{"id":864,"date":"2020-10-23T08:46:58","date_gmt":"2020-10-23T11:46:58","guid":{"rendered":"https:\/\/conjecto.com.br\/?page_id=864"},"modified":"2021-04-01T16:23:24","modified_gmt":"2021-04-01T19:23:24","slug":"quem-somos","status":"publish","type":"page","link":"https:\/\/conjecto.com.br\/en\/quem-somos\/","title":{"rendered":"Who we are"},"content":{"rendered":"<h2 class=\"wp-block-heading\">Conjecto Analytics<\/h2>\r\n\r\n\r\n\r\n<p>Conjecto was born from the initiative of its founders to develop and offer innovative and disruptive business intelligence solutions for the Brazilian corporate market. Supported by its rich portfolio of solutions and services used by clients across the country and supported by the long international experience in consulting and implementing projects based on data science and corporate management of its partners and collaborators, Conjecto brings to the market solutions that represent the state-of-the-art in data analysis for decision making and efficient management of business processes in leading companies in different market segments.<\/p>\r\n\r\n\r\n\r\n<p>Thus, since its inception, Conjecto has been characterized by innovation and technical and scientific rigor in the development of products and the provision of services and is strongly influenced by the solid experience and training of its professionals. Its performance is marked by boldness and pioneering use of sophisticated resources of information technology and data science, in particular.<\/p>\r\n\r\n\r\n\r\n<p>In search of excellence and innovation, Conjecto aims to:<\/p>\r\n\r\n\r\n\r\n<ul class=\"wp-block-list\">\r\n<li>Offer complete and effective data analysis and artificial intelligence solutions to meet requirements of decision support systems at all levels of organizations.<\/li>\r\n<\/ul>\r\n\r\n\r\n\r\n<ul class=\"wp-block-list\">\r\n<li>Develop specific projects and training for your customers who want to use corporate solutions based on data science.<\/li>\r\n<\/ul>\r\n\r\n\r\n\r\n<ul class=\"wp-block-list\">\r\n<li>Increase the productivity and scalability of all relevant business processes executed by your customers to execute their plans and activities.<\/li>\r\n<\/ul>","protected":false},"excerpt":{"rendered":"<p>Conjecto Analytics Conjecto was born from the initiative of its founders to develop and offer innovative and disruptive business intelligence solutions for the Brazilian corporate market. Supported by its rich portfolio of solutions and services used by clients across the country and supported by the long international experience in consulting and implementing projects based on [&hellip;]<\/p>\n","protected":false},"author":1,"featured_media":0,"parent":0,"menu_order":0,"comment_status":"closed","ping_status":"closed","template":"","meta":{"_acf_changed":false,"footnotes":""},"class_list":["post-864","page","type-page","status-publish","hentry"],"acf":[],"yoast_head":"<!-- This site is optimized with the Yoast SEO plugin v27.4 - https:\/\/yoast.com\/product\/yoast-seo-wordpress\/ -->\n<title>Who we are - Conjecto Analytics<\/title>\n<meta name=\"robots\" content=\"index, follow, max-snippet:-1, max-image-preview:large, max-video-preview:-1\" \/>\n<link rel=\"canonical\" href=\"https:\/\/conjecto.com.br\/quem-somos\/\" \/>\n<meta property=\"og:locale\" content=\"en_US\" \/>\n<meta property=\"og:type\" content=\"article\" \/>\n<meta property=\"og:title\" content=\"Who we are - Conjecto Analytics\" \/>\n<meta property=\"og:description\" content=\"Conjecto Analytics Conjecto was born from the initiative of its founders to develop and offer innovative and disruptive business intelligence solutions for the Brazilian corporate market. Supported by its rich portfolio of solutions and services used by clients across the country and supported by the long international experience in consulting and implementing projects based on [&hellip;]\" \/>\n<meta property=\"og:url\" content=\"https:\/\/conjecto.com.br\/quem-somos\/\" \/>\n<meta property=\"og:site_name\" content=\"Conjecto Analytics\" \/>\n<meta property=\"article:modified_time\" content=\"2021-04-01T19:23:24+00:00\" \/>\n<meta name=\"twitter:card\" content=\"summary_large_image\" \/>\n<meta name=\"twitter:label1\" content=\"Est. reading time\" \/>\n\t<meta name=\"twitter:data1\" content=\"2 minutes\" \/>\n<script type=\"application\/ld+json\" class=\"yoast-schema-graph\">{\"@context\":\"https:\\\/\\\/schema.org\",\"@graph\":[{\"@type\":\"WebPage\",\"@id\":\"https:\\\/\\\/conjecto.com.br\\\/quem-somos\\\/\",\"url\":\"https:\\\/\\\/conjecto.com.br\\\/quem-somos\\\/\",\"name\":\"Who we are - Conjecto Analytics\",\"isPartOf\":{\"@id\":\"https:\\\/\\\/conjecto.com.br\\\/#website\"},\"datePublished\":\"2020-10-23T11:46:58+00:00\",\"dateModified\":\"2021-04-01T19:23:24+00:00\",\"breadcrumb\":{\"@id\":\"https:\\\/\\\/conjecto.com.br\\\/quem-somos\\\/#breadcrumb\"},\"inLanguage\":\"en-US\",\"potentialAction\":[{\"@type\":\"ReadAction\",\"target\":[\"https:\\\/\\\/conjecto.com.br\\\/quem-somos\\\/\"]}]},{\"@type\":\"BreadcrumbList\",\"@id\":\"https:\\\/\\\/conjecto.com.br\\\/quem-somos\\\/#breadcrumb\",\"itemListElement\":[{\"@type\":\"ListItem\",\"position\":1,\"name\":\"Home\",\"item\":\"https:\\\/\\\/conjecto.com.br\\\/\"},{\"@type\":\"ListItem\",\"position\":2,\"name\":\"Quem Somos\"}]},{\"@type\":\"WebSite\",\"@id\":\"https:\\\/\\\/conjecto.com.br\\\/#website\",\"url\":\"https:\\\/\\\/conjecto.com.br\\\/\",\"name\":\"Conjecto Analytics\",\"description\":\"As melhores solu\u00e7\u00f5es de intelig\u00eancia de neg\u00f3cios para o mercado corporativo\",\"publisher\":{\"@id\":\"https:\\\/\\\/conjecto.com.br\\\/#organization\"},\"potentialAction\":[{\"@type\":\"SearchAction\",\"target\":{\"@type\":\"EntryPoint\",\"urlTemplate\":\"https:\\\/\\\/conjecto.com.br\\\/?s={search_term_string}\"},\"query-input\":{\"@type\":\"PropertyValueSpecification\",\"valueRequired\":true,\"valueName\":\"search_term_string\"}}],\"inLanguage\":\"en-US\"},{\"@type\":\"Organization\",\"@id\":\"https:\\\/\\\/conjecto.com.br\\\/#organization\",\"name\":\"Conjecto Analytics\",\"url\":\"https:\\\/\\\/conjecto.com.br\\\/\",\"logo\":{\"@type\":\"ImageObject\",\"inLanguage\":\"en-US\",\"@id\":\"https:\\\/\\\/conjecto.com.br\\\/#\\\/schema\\\/logo\\\/image\\\/\",\"url\":\"https:\\\/\\\/conjecto.com.br\\\/wp-content\\\/uploads\\\/2020\\\/11\\\/logo.png\",\"contentUrl\":\"https:\\\/\\\/conjecto.com.br\\\/wp-content\\\/uploads\\\/2020\\\/11\\\/logo.png\",\"width\":145,\"height\":42,\"caption\":\"Conjecto Analytics\"},\"image\":{\"@id\":\"https:\\\/\\\/conjecto.com.br\\\/#\\\/schema\\\/logo\\\/image\\\/\"}}]}<\/script>\n<!-- \/ Yoast SEO plugin. -->","yoast_head_json":{"title":"Who we are - Conjecto Analytics","robots":{"index":"index","follow":"follow","max-snippet":"max-snippet:-1","max-image-preview":"max-image-preview:large","max-video-preview":"max-video-preview:-1"},"canonical":"https:\/\/conjecto.com.br\/quem-somos\/","og_locale":"en_US","og_type":"article","og_title":"Who we are - Conjecto Analytics","og_description":"Conjecto Analytics Conjecto was born from the initiative of its founders to develop and offer innovative and disruptive business intelligence solutions for the Brazilian corporate market. Supported by its rich portfolio of solutions and services used by clients across the country and supported by the long international experience in consulting and implementing projects based on [&hellip;]","og_url":"https:\/\/conjecto.com.br\/quem-somos\/","og_site_name":"Conjecto Analytics","article_modified_time":"2021-04-01T19:23:24+00:00","twitter_card":"summary_large_image","twitter_misc":{"Est. reading time":"2 minutes"},"schema":{"@context":"https:\/\/schema.org","@graph":[{"@type":"WebPage","@id":"https:\/\/conjecto.com.br\/quem-somos\/","url":"https:\/\/conjecto.com.br\/quem-somos\/","name":"Who we are - Conjecto Analytics","isPartOf":{"@id":"https:\/\/conjecto.com.br\/#website"},"datePublished":"2020-10-23T11:46:58+00:00","dateModified":"2021-04-01T19:23:24+00:00","breadcrumb":{"@id":"https:\/\/conjecto.com.br\/quem-somos\/#breadcrumb"},"inLanguage":"en-US","potentialAction":[{"@type":"ReadAction","target":["https:\/\/conjecto.com.br\/quem-somos\/"]}]},{"@type":"BreadcrumbList","@id":"https:\/\/conjecto.com.br\/quem-somos\/#breadcrumb","itemListElement":[{"@type":"ListItem","position":1,"name":"Home","item":"https:\/\/conjecto.com.br\/"},{"@type":"ListItem","position":2,"name":"Quem Somos"}]},{"@type":"WebSite","@id":"https:\/\/conjecto.com.br\/#website","url":"https:\/\/conjecto.com.br\/","name":"Conjecto Analytics","description":"As melhores solu\u00e7\u00f5es de intelig\u00eancia de neg\u00f3cios para o mercado corporativo","publisher":{"@id":"https:\/\/conjecto.com.br\/#organization"},"potentialAction":[{"@type":"SearchAction","target":{"@type":"EntryPoint","urlTemplate":"https:\/\/conjecto.com.br\/?s={search_term_string}"},"query-input":{"@type":"PropertyValueSpecification","valueRequired":true,"valueName":"search_term_string"}}],"inLanguage":"en-US"},{"@type":"Organization","@id":"https:\/\/conjecto.com.br\/#organization","name":"Conjecto Analytics","url":"https:\/\/conjecto.com.br\/","logo":{"@type":"ImageObject","inLanguage":"en-US","@id":"https:\/\/conjecto.com.br\/#\/schema\/logo\/image\/","url":"https:\/\/conjecto.com.br\/wp-content\/uploads\/2020\/11\/logo.png","contentUrl":"https:\/\/conjecto.com.br\/wp-content\/uploads\/2020\/11\/logo.png","width":145,"height":42,"caption":"Conjecto Analytics"},"image":{"@id":"https:\/\/conjecto.com.br\/#\/schema\/logo\/image\/"}}]}},"_links":{"self":[{"href":"https:\/\/conjecto.com.br\/en\/wp-json\/wp\/v2\/pages\/864","targetHints":{"allow":["GET"]}}],"collection":[{"href":"https:\/\/conjecto.com.br\/en\/wp-json\/wp\/v2\/pages"}],"about":[{"href":"https:\/\/conjecto.com.br\/en\/wp-json\/wp\/v2\/types\/page"}],"author":[{"embeddable":true,"href":"https:\/\/conjecto.com.br\/en\/wp-json\/wp\/v2\/users\/1"}],"replies":[{"embeddable":true,"href":"https:\/\/conjecto.com.br\/en\/wp-json\/wp\/v2\/comments?post=864"}],"version-history":[{"count":14,"href":"https:\/\/conjecto.com.br\/en\/wp-json\/wp\/v2\/pages\/864\/revisions"}],"predecessor-version":[{"id":1353,"href":"https:\/\/conjecto.com.br\/en\/wp-json\/wp\/v2\/pages\/864\/revisions\/1353"}],"wp:attachment":[{"href":"https:\/\/conjecto.com.br\/en\/wp-json\/wp\/v2\/media?parent=864"}],"curies":[{"name":"wp","href":"https:\/\/api.w.org\/{rel}","templated":true}]}}