{"id":760,"date":"2020-10-21T21:26:33","date_gmt":"2020-10-22T00:26:33","guid":{"rendered":"https:\/\/conjecto.com.br\/?page_id=760"},"modified":"2020-11-09T17:21:33","modified_gmt":"2020-11-09T20:21:33","slug":"suporte-e-apoio-consultivo","status":"publish","type":"page","link":"https:\/\/conjecto.com.br\/en\/contato\/suporte-e-apoio-consultivo\/","title":{"rendered":"Support and advisory support"},"content":{"rendered":"","protected":false},"excerpt":{"rendered":"","protected":false},"author":1,"featured_media":0,"parent":105,"menu_order":0,"comment_status":"closed","ping_status":"closed","template":"tmpl-contato.php","meta":{"_acf_changed":false,"footnotes":""},"class_list":["post-760","page","type-page","status-publish","hentry"],"acf":[],"yoast_head":"<!-- This site is optimized with the Yoast SEO plugin v27.3 - https:\/\/yoast.com\/product\/yoast-seo-wordpress\/ -->\n<title>Support and advisory support - Conjecto Analytics<\/title>\n<meta name=\"robots\" content=\"index, follow, max-snippet:-1, max-image-preview:large, max-video-preview:-1\" \/>\n<link rel=\"canonical\" href=\"https:\/\/conjecto.com.br\/contato\/suporte-e-apoio-consultivo\/\" \/>\n<meta property=\"og:locale\" content=\"en_US\" \/>\n<meta property=\"og:type\" content=\"article\" \/>\n<meta property=\"og:title\" content=\"Support and advisory support - Conjecto Analytics\" \/>\n<meta property=\"og:url\" content=\"https:\/\/conjecto.com.br\/contato\/suporte-e-apoio-consultivo\/\" \/>\n<meta property=\"og:site_name\" content=\"Conjecto Analytics\" \/>\n<meta property=\"article:modified_time\" content=\"2020-11-09T20:21:33+00:00\" \/>\n<meta name=\"twitter:card\" content=\"summary_large_image\" \/>\n<script type=\"application\/ld+json\" class=\"yoast-schema-graph\">{\"@context\":\"https:\\\/\\\/schema.org\",\"@graph\":[{\"@type\":\"WebPage\",\"@id\":\"https:\\\/\\\/conjecto.com.br\\\/contato\\\/suporte-e-apoio-consultivo\\\/\",\"url\":\"https:\\\/\\\/conjecto.com.br\\\/contato\\\/suporte-e-apoio-consultivo\\\/\",\"name\":\"Support and advisory support - Conjecto Analytics\",\"isPartOf\":{\"@id\":\"https:\\\/\\\/conjecto.com.br\\\/#website\"},\"datePublished\":\"2020-10-22T00:26:33+00:00\",\"dateModified\":\"2020-11-09T20:21:33+00:00\",\"breadcrumb\":{\"@id\":\"https:\\\/\\\/conjecto.com.br\\\/contato\\\/suporte-e-apoio-consultivo\\\/#breadcrumb\"},\"inLanguage\":\"en-US\",\"potentialAction\":[{\"@type\":\"ReadAction\",\"target\":[\"https:\\\/\\\/conjecto.com.br\\\/contato\\\/suporte-e-apoio-consultivo\\\/\"]}]},{\"@type\":\"BreadcrumbList\",\"@id\":\"https:\\\/\\\/conjecto.com.br\\\/contato\\\/suporte-e-apoio-consultivo\\\/#breadcrumb\",\"itemListElement\":[{\"@type\":\"ListItem\",\"position\":1,\"name\":\"Home\",\"item\":\"https:\\\/\\\/conjecto.com.br\\\/\"},{\"@type\":\"ListItem\",\"position\":2,\"name\":\"Contato\",\"item\":\"https:\\\/\\\/conjecto.com.br\\\/en\\\/contato\\\/\"},{\"@type\":\"ListItem\",\"position\":3,\"name\":\"Suporte e apoio consultivo\"}]},{\"@type\":\"WebSite\",\"@id\":\"https:\\\/\\\/conjecto.com.br\\\/#website\",\"url\":\"https:\\\/\\\/conjecto.com.br\\\/\",\"name\":\"Conjecto Analytics\",\"description\":\"As melhores solu\u00e7\u00f5es de intelig\u00eancia de neg\u00f3cios para o mercado corporativo\",\"publisher\":{\"@id\":\"https:\\\/\\\/conjecto.com.br\\\/#organization\"},\"potentialAction\":[{\"@type\":\"SearchAction\",\"target\":{\"@type\":\"EntryPoint\",\"urlTemplate\":\"https:\\\/\\\/conjecto.com.br\\\/?s={search_term_string}\"},\"query-input\":{\"@type\":\"PropertyValueSpecification\",\"valueRequired\":true,\"valueName\":\"search_term_string\"}}],\"inLanguage\":\"en-US\"},{\"@type\":\"Organization\",\"@id\":\"https:\\\/\\\/conjecto.com.br\\\/#organization\",\"name\":\"Conjecto Analytics\",\"url\":\"https:\\\/\\\/conjecto.com.br\\\/\",\"logo\":{\"@type\":\"ImageObject\",\"inLanguage\":\"en-US\",\"@id\":\"https:\\\/\\\/conjecto.com.br\\\/#\\\/schema\\\/logo\\\/image\\\/\",\"url\":\"https:\\\/\\\/conjecto.com.br\\\/wp-content\\\/uploads\\\/2020\\\/11\\\/logo.png\",\"contentUrl\":\"https:\\\/\\\/conjecto.com.br\\\/wp-content\\\/uploads\\\/2020\\\/11\\\/logo.png\",\"width\":145,\"height\":42,\"caption\":\"Conjecto Analytics\"},\"image\":{\"@id\":\"https:\\\/\\\/conjecto.com.br\\\/#\\\/schema\\\/logo\\\/image\\\/\"}}]}<\/script>\n<!-- \/ Yoast SEO plugin. -->","yoast_head_json":{"title":"Support and advisory support - Conjecto Analytics","robots":{"index":"index","follow":"follow","max-snippet":"max-snippet:-1","max-image-preview":"max-image-preview:large","max-video-preview":"max-video-preview:-1"},"canonical":"https:\/\/conjecto.com.br\/contato\/suporte-e-apoio-consultivo\/","og_locale":"en_US","og_type":"article","og_title":"Support and advisory support - Conjecto Analytics","og_url":"https:\/\/conjecto.com.br\/contato\/suporte-e-apoio-consultivo\/","og_site_name":"Conjecto Analytics","article_modified_time":"2020-11-09T20:21:33+00:00","twitter_card":"summary_large_image","schema":{"@context":"https:\/\/schema.org","@graph":[{"@type":"WebPage","@id":"https:\/\/conjecto.com.br\/contato\/suporte-e-apoio-consultivo\/","url":"https:\/\/conjecto.com.br\/contato\/suporte-e-apoio-consultivo\/","name":"Support and advisory support - Conjecto Analytics","isPartOf":{"@id":"https:\/\/conjecto.com.br\/#website"},"datePublished":"2020-10-22T00:26:33+00:00","dateModified":"2020-11-09T20:21:33+00:00","breadcrumb":{"@id":"https:\/\/conjecto.com.br\/contato\/suporte-e-apoio-consultivo\/#breadcrumb"},"inLanguage":"en-US","potentialAction":[{"@type":"ReadAction","target":["https:\/\/conjecto.com.br\/contato\/suporte-e-apoio-consultivo\/"]}]},{"@type":"BreadcrumbList","@id":"https:\/\/conjecto.com.br\/contato\/suporte-e-apoio-consultivo\/#breadcrumb","itemListElement":[{"@type":"ListItem","position":1,"name":"Home","item":"https:\/\/conjecto.com.br\/"},{"@type":"ListItem","position":2,"name":"Contato","item":"https:\/\/conjecto.com.br\/en\/contato\/"},{"@type":"ListItem","position":3,"name":"Suporte e apoio consultivo"}]},{"@type":"WebSite","@id":"https:\/\/conjecto.com.br\/#website","url":"https:\/\/conjecto.com.br\/","name":"Conjecto Analytics","description":"As melhores solu\u00e7\u00f5es de intelig\u00eancia de neg\u00f3cios para o mercado corporativo","publisher":{"@id":"https:\/\/conjecto.com.br\/#organization"},"potentialAction":[{"@type":"SearchAction","target":{"@type":"EntryPoint","urlTemplate":"https:\/\/conjecto.com.br\/?s={search_term_string}"},"query-input":{"@type":"PropertyValueSpecification","valueRequired":true,"valueName":"search_term_string"}}],"inLanguage":"en-US"},{"@type":"Organization","@id":"https:\/\/conjecto.com.br\/#organization","name":"Conjecto Analytics","url":"https:\/\/conjecto.com.br\/","logo":{"@type":"ImageObject","inLanguage":"en-US","@id":"https:\/\/conjecto.com.br\/#\/schema\/logo\/image\/","url":"https:\/\/conjecto.com.br\/wp-content\/uploads\/2020\/11\/logo.png","contentUrl":"https:\/\/conjecto.com.br\/wp-content\/uploads\/2020\/11\/logo.png","width":145,"height":42,"caption":"Conjecto Analytics"},"image":{"@id":"https:\/\/conjecto.com.br\/#\/schema\/logo\/image\/"}}]}},"_links":{"self":[{"href":"https:\/\/conjecto.com.br\/en\/wp-json\/wp\/v2\/pages\/760","targetHints":{"allow":["GET"]}}],"collection":[{"href":"https:\/\/conjecto.com.br\/en\/wp-json\/wp\/v2\/pages"}],"about":[{"href":"https:\/\/conjecto.com.br\/en\/wp-json\/wp\/v2\/types\/page"}],"author":[{"embeddable":true,"href":"https:\/\/conjecto.com.br\/en\/wp-json\/wp\/v2\/users\/1"}],"replies":[{"embeddable":true,"href":"https:\/\/conjecto.com.br\/en\/wp-json\/wp\/v2\/comments?post=760"}],"version-history":[{"count":7,"href":"https:\/\/conjecto.com.br\/en\/wp-json\/wp\/v2\/pages\/760\/revisions"}],"predecessor-version":[{"id":1263,"href":"https:\/\/conjecto.com.br\/en\/wp-json\/wp\/v2\/pages\/760\/revisions\/1263"}],"up":[{"embeddable":true,"href":"https:\/\/conjecto.com.br\/en\/wp-json\/wp\/v2\/pages\/105"}],"wp:attachment":[{"href":"https:\/\/conjecto.com.br\/en\/wp-json\/wp\/v2\/media?parent=760"}],"curies":[{"name":"wp","href":"https:\/\/api.w.org\/{rel}","templated":true}]}}