{"id":1084,"date":"2020-11-06T11:33:37","date_gmt":"2020-11-06T14:33:37","guid":{"rendered":"https:\/\/conjecto.com.br\/?page_id=1084"},"modified":"2020-11-06T11:33:38","modified_gmt":"2020-11-06T14:33:38","slug":"brasil-atlas-2013-idhm","status":"publish","type":"page","link":"https:\/\/conjecto.com.br\/en\/brasil-atlas-2013-idhm\/","title":{"rendered":"Brasil Atlas 2013 &#8211; IDHM"},"content":{"rendered":"\n<div class='tableauPlaceholder' id='viz1604673180307' style='position: relative'><noscript><a href='#'><img alt=' ' src='https:&#47;&#47;public.tableau.com&#47;static&#47;images&#47;Br&#47;BrasilAtlas2013-IDHM&#47;PainelIDHM-Tab&#47;1_rss.png' style='border: none' \/><\/a><\/noscript><object class='tableauViz'  style='display:none;'><param name='host_url' value='https%3A%2F%2Fpublic.tableau.com%2F' \/> <param name='embed_code_version' value='3' \/> <param name='site_root' value='' \/><param name='name' value='BrasilAtlas2013-IDHM&#47;PainelIDHM-Tab' \/><param name='tabs' value='no' \/><param name='toolbar' value='yes' \/><param name='static_image' value='https:&#47;&#47;public.tableau.com&#47;static&#47;images&#47;Br&#47;BrasilAtlas2013-IDHM&#47;PainelIDHM-Tab&#47;1.png' \/> <param name='animate_transition' value='yes' \/><param name='display_static_image' value='yes' \/><param name='display_spinner' value='yes' \/><param name='display_overlay' value='yes' \/><param name='display_count' value='yes' \/><param name='language' value='pt' \/><\/object><\/div>                <script type='text\/javascript'>                    var divElement = document.getElementById('viz1604673180307');                    var vizElement = divElement.getElementsByTagName('object')[0];                    vizElement.style.width='100%';vizElement.style.height=(divElement.offsetWidth*0.75)+'px';                    var scriptElement = document.createElement('script');                    scriptElement.src = 'https:\/\/public.tableau.com\/javascripts\/api\/viz_v1.js';                    vizElement.parentNode.insertBefore(scriptElement, vizElement);                <\/script>\n","protected":false},"excerpt":{"rendered":"","protected":false},"author":1,"featured_media":0,"parent":0,"menu_order":0,"comment_status":"closed","ping_status":"closed","template":"","meta":{"_acf_changed":false,"footnotes":""},"class_list":["post-1084","page","type-page","status-publish","hentry"],"acf":[],"yoast_head":"<!-- This site is optimized with the Yoast SEO plugin v27.4 - https:\/\/yoast.com\/product\/yoast-seo-wordpress\/ -->\n<title>Brasil Atlas 2013 - IDHM - Conjecto Analytics<\/title>\n<meta name=\"robots\" content=\"index, follow, max-snippet:-1, max-image-preview:large, max-video-preview:-1\" \/>\n<link rel=\"canonical\" href=\"https:\/\/conjecto.com.br\/brasil-atlas-2013-idhm\/\" \/>\n<meta property=\"og:locale\" content=\"en_US\" \/>\n<meta property=\"og:type\" content=\"article\" \/>\n<meta property=\"og:title\" content=\"Brasil Atlas 2013 - IDHM - Conjecto Analytics\" \/>\n<meta property=\"og:url\" content=\"https:\/\/conjecto.com.br\/brasil-atlas-2013-idhm\/\" \/>\n<meta property=\"og:site_name\" content=\"Conjecto Analytics\" \/>\n<meta property=\"article:modified_time\" content=\"2020-11-06T14:33:38+00:00\" \/>\n<meta name=\"twitter:card\" content=\"summary_large_image\" \/>\n<script type=\"application\/ld+json\" class=\"yoast-schema-graph\">{\"@context\":\"https:\\\/\\\/schema.org\",\"@graph\":[{\"@type\":\"WebPage\",\"@id\":\"https:\\\/\\\/conjecto.com.br\\\/brasil-atlas-2013-idhm\\\/\",\"url\":\"https:\\\/\\\/conjecto.com.br\\\/brasil-atlas-2013-idhm\\\/\",\"name\":\"Brasil Atlas 2013 - IDHM - Conjecto Analytics\",\"isPartOf\":{\"@id\":\"https:\\\/\\\/conjecto.com.br\\\/#website\"},\"datePublished\":\"2020-11-06T14:33:37+00:00\",\"dateModified\":\"2020-11-06T14:33:38+00:00\",\"breadcrumb\":{\"@id\":\"https:\\\/\\\/conjecto.com.br\\\/brasil-atlas-2013-idhm\\\/#breadcrumb\"},\"inLanguage\":\"en-US\",\"potentialAction\":[{\"@type\":\"ReadAction\",\"target\":[\"https:\\\/\\\/conjecto.com.br\\\/brasil-atlas-2013-idhm\\\/\"]}]},{\"@type\":\"BreadcrumbList\",\"@id\":\"https:\\\/\\\/conjecto.com.br\\\/brasil-atlas-2013-idhm\\\/#breadcrumb\",\"itemListElement\":[{\"@type\":\"ListItem\",\"position\":1,\"name\":\"Home\",\"item\":\"https:\\\/\\\/conjecto.com.br\\\/\"},{\"@type\":\"ListItem\",\"position\":2,\"name\":\"Brasil Atlas 2013 &#8211; IDHM\"}]},{\"@type\":\"WebSite\",\"@id\":\"https:\\\/\\\/conjecto.com.br\\\/#website\",\"url\":\"https:\\\/\\\/conjecto.com.br\\\/\",\"name\":\"Conjecto Analytics\",\"description\":\"As melhores solu\u00e7\u00f5es de intelig\u00eancia de neg\u00f3cios para o mercado corporativo\",\"publisher\":{\"@id\":\"https:\\\/\\\/conjecto.com.br\\\/#organization\"},\"potentialAction\":[{\"@type\":\"SearchAction\",\"target\":{\"@type\":\"EntryPoint\",\"urlTemplate\":\"https:\\\/\\\/conjecto.com.br\\\/?s={search_term_string}\"},\"query-input\":{\"@type\":\"PropertyValueSpecification\",\"valueRequired\":true,\"valueName\":\"search_term_string\"}}],\"inLanguage\":\"en-US\"},{\"@type\":\"Organization\",\"@id\":\"https:\\\/\\\/conjecto.com.br\\\/#organization\",\"name\":\"Conjecto Analytics\",\"url\":\"https:\\\/\\\/conjecto.com.br\\\/\",\"logo\":{\"@type\":\"ImageObject\",\"inLanguage\":\"en-US\",\"@id\":\"https:\\\/\\\/conjecto.com.br\\\/#\\\/schema\\\/logo\\\/image\\\/\",\"url\":\"https:\\\/\\\/conjecto.com.br\\\/wp-content\\\/uploads\\\/2020\\\/11\\\/logo.png\",\"contentUrl\":\"https:\\\/\\\/conjecto.com.br\\\/wp-content\\\/uploads\\\/2020\\\/11\\\/logo.png\",\"width\":145,\"height\":42,\"caption\":\"Conjecto Analytics\"},\"image\":{\"@id\":\"https:\\\/\\\/conjecto.com.br\\\/#\\\/schema\\\/logo\\\/image\\\/\"}}]}<\/script>\n<!-- \/ Yoast SEO plugin. -->","yoast_head_json":{"title":"Brasil Atlas 2013 - IDHM - Conjecto Analytics","robots":{"index":"index","follow":"follow","max-snippet":"max-snippet:-1","max-image-preview":"max-image-preview:large","max-video-preview":"max-video-preview:-1"},"canonical":"https:\/\/conjecto.com.br\/brasil-atlas-2013-idhm\/","og_locale":"en_US","og_type":"article","og_title":"Brasil Atlas 2013 - IDHM - Conjecto Analytics","og_url":"https:\/\/conjecto.com.br\/brasil-atlas-2013-idhm\/","og_site_name":"Conjecto Analytics","article_modified_time":"2020-11-06T14:33:38+00:00","twitter_card":"summary_large_image","schema":{"@context":"https:\/\/schema.org","@graph":[{"@type":"WebPage","@id":"https:\/\/conjecto.com.br\/brasil-atlas-2013-idhm\/","url":"https:\/\/conjecto.com.br\/brasil-atlas-2013-idhm\/","name":"Brasil Atlas 2013 - IDHM - Conjecto Analytics","isPartOf":{"@id":"https:\/\/conjecto.com.br\/#website"},"datePublished":"2020-11-06T14:33:37+00:00","dateModified":"2020-11-06T14:33:38+00:00","breadcrumb":{"@id":"https:\/\/conjecto.com.br\/brasil-atlas-2013-idhm\/#breadcrumb"},"inLanguage":"en-US","potentialAction":[{"@type":"ReadAction","target":["https:\/\/conjecto.com.br\/brasil-atlas-2013-idhm\/"]}]},{"@type":"BreadcrumbList","@id":"https:\/\/conjecto.com.br\/brasil-atlas-2013-idhm\/#breadcrumb","itemListElement":[{"@type":"ListItem","position":1,"name":"Home","item":"https:\/\/conjecto.com.br\/"},{"@type":"ListItem","position":2,"name":"Brasil Atlas 2013 &#8211; IDHM"}]},{"@type":"WebSite","@id":"https:\/\/conjecto.com.br\/#website","url":"https:\/\/conjecto.com.br\/","name":"Conjecto Analytics","description":"As melhores solu\u00e7\u00f5es de intelig\u00eancia de neg\u00f3cios para o mercado corporativo","publisher":{"@id":"https:\/\/conjecto.com.br\/#organization"},"potentialAction":[{"@type":"SearchAction","target":{"@type":"EntryPoint","urlTemplate":"https:\/\/conjecto.com.br\/?s={search_term_string}"},"query-input":{"@type":"PropertyValueSpecification","valueRequired":true,"valueName":"search_term_string"}}],"inLanguage":"en-US"},{"@type":"Organization","@id":"https:\/\/conjecto.com.br\/#organization","name":"Conjecto Analytics","url":"https:\/\/conjecto.com.br\/","logo":{"@type":"ImageObject","inLanguage":"en-US","@id":"https:\/\/conjecto.com.br\/#\/schema\/logo\/image\/","url":"https:\/\/conjecto.com.br\/wp-content\/uploads\/2020\/11\/logo.png","contentUrl":"https:\/\/conjecto.com.br\/wp-content\/uploads\/2020\/11\/logo.png","width":145,"height":42,"caption":"Conjecto Analytics"},"image":{"@id":"https:\/\/conjecto.com.br\/#\/schema\/logo\/image\/"}}]}},"_links":{"self":[{"href":"https:\/\/conjecto.com.br\/en\/wp-json\/wp\/v2\/pages\/1084","targetHints":{"allow":["GET"]}}],"collection":[{"href":"https:\/\/conjecto.com.br\/en\/wp-json\/wp\/v2\/pages"}],"about":[{"href":"https:\/\/conjecto.com.br\/en\/wp-json\/wp\/v2\/types\/page"}],"author":[{"embeddable":true,"href":"https:\/\/conjecto.com.br\/en\/wp-json\/wp\/v2\/users\/1"}],"replies":[{"embeddable":true,"href":"https:\/\/conjecto.com.br\/en\/wp-json\/wp\/v2\/comments?post=1084"}],"version-history":[{"count":1,"href":"https:\/\/conjecto.com.br\/en\/wp-json\/wp\/v2\/pages\/1084\/revisions"}],"predecessor-version":[{"id":1085,"href":"https:\/\/conjecto.com.br\/en\/wp-json\/wp\/v2\/pages\/1084\/revisions\/1085"}],"wp:attachment":[{"href":"https:\/\/conjecto.com.br\/en\/wp-json\/wp\/v2\/media?parent=1084"}],"curies":[{"name":"wp","href":"https:\/\/api.w.org\/{rel}","templated":true}]}}